{"id":58,"date":"2022-09-15T11:09:20","date_gmt":"2022-09-15T11:09:20","guid":{"rendered":"https:\/\/robeto.novaworks.net\/?page_id=58"},"modified":"2024-06-21T15:49:54","modified_gmt":"2024-06-21T15:49:54","slug":"about-us","status":"publish","type":"page","link":"https:\/\/threendresses.com\/de\/uber-uns\/","title":{"rendered":"\u00dcber uns"},"content":{"rendered":"<div data-elementor-type=\"wp-page\" data-elementor-id=\"58\" class=\"elementor elementor-58\" data-elementor-post-type=\"page\">\n\t\t\t\t<div class=\"elementor-element elementor-element-70956dd e-flex e-con-boxed kitify-col-width-auto-no ignore-docs-style-no kitify-disable-relative-no e-root-container elementor-top-section e-con e-parent\" data-id=\"70956dd\" data-element_type=\"container\">\n\t\t\t\t\t<div class=\"e-con-inner\">\n\t\t<div class=\"elementor-element elementor-element-1d4f4f4 e-con-full e-flex kitify-col-width-auto-no ignore-docs-style-no kitify-disable-relative-no elementor-invisible kitify-has-entrance-animation e-con e-child\" data-id=\"1d4f4f4\" data-element_type=\"container\" data-settings=\"{&quot;animation&quot;:&quot;kitifyShortFadeInUp&quot;}\">\n\t\t\t\t<div class=\"elementor-element elementor-element-838098d elementor-widget elementor-widget-heading\" data-id=\"838098d\" data-element_type=\"widget\" data-widget_type=\"heading.default\">\n\t\t\t\t<div class=\"elementor-widget-container\">\n\t\t\t<style>\/*! elementor - v3.21.0 - 26-05-2024 *\/\n.elementor-heading-title{padding:0;margin:0;line-height:1}.elementor-widget-heading .elementor-heading-title[class*=elementor-size-]>a{color:inherit;font-size:inherit;line-height:inherit}.elementor-widget-heading .elementor-heading-title.elementor-size-small{font-size:15px}.elementor-widget-heading .elementor-heading-title.elementor-size-medium{font-size:19px}.elementor-widget-heading .elementor-heading-title.elementor-size-large{font-size:29px}.elementor-widget-heading .elementor-heading-title.elementor-size-xl{font-size:39px}.elementor-widget-heading .elementor-heading-title.elementor-size-xxl{font-size:59px}<\/style><h2 class=\"elementor-heading-title elementor-size-default\">\u00dcber uns<\/h2>\t\t<\/div>\n\t\t\t\t<\/div>\n\t\t\t\t<div class=\"elementor-element elementor-element-dfe5408 elementor-widget elementor-widget-heading\" data-id=\"dfe5408\" data-element_type=\"widget\" data-widget_type=\"heading.default\">\n\t\t\t\t<div class=\"elementor-widget-container\">\n\t\t\t<div class=\"elementor-heading-title elementor-size-default\"><p>Seit 2007 widmet sich Three N der Herstellung exquisiter Abendkleider und bietet Haute Couture-Gro\u00dfhandelsdienstleistungen an und h\u00e4lt sich dabei an die h\u00f6chsten Qualit\u00e4tsstandards der Branche. Jedes Kleid, das wir herstellen, ist einem Kunstwerk gleich, und daher achten wir w\u00e4hrend unseres gesamten Herstellungsprozesses akribisch auf Details. Jedes St\u00fcck unserer Kollektionen wird sorgf\u00e4ltig entworfen und mit sorgf\u00e4ltig ausgew\u00e4hlten hochwertigen Stoffen und fachm\u00e4nnischer Handwerkskunst hergestellt. Von jedem Stich bis zu jedem Perlen- oder Spitzendetail wird jedes Element sorgf\u00e4ltig platziert, um die Eleganz und Haltbarkeit unserer Kleider sicherzustellen.<\/p><p>Unsere exklusiven Kollektionen decken eine breite Palette von Stilen und Geschm\u00e4ckern ab und sprechen unterschiedliche Vorlieben an. Jedes Kleid erf\u00fcllt h\u00f6chste Qualit\u00e4ts- und \u00c4sthetikstandards, vom Designprozess bis zur Produktion. Dar\u00fcber hinaus bieten wir Sonderanfertigungen und Anpassungsoptionen an, um den individuellen Anforderungen unserer Kunden gerecht zu werden.<\/p><p>Bei Three N m\u00f6chten wir nicht nur Kunden in der T\u00fcrkei bedienen, sondern auch Kunden weltweit erreichen. Daher haben wir uns auf internationale M\u00e4rkte ausgedehnt. Unsere Produkte werden nach internationalen Standards hergestellt und sind in Mode- und Luxusgesch\u00e4ften weltweit erh\u00e4ltlich.<\/p><p>Mit unserem kundenorientierten Ansatz und unserem Engagement f\u00fcr Qualit\u00e4t ist Three N weiterhin ein vertrauensw\u00fcrdiger Name in der Abendkleidbranche. Wir sind bestrebt, sicherzustellen, dass jeder unserer Kunden bei seinen besonderen Anl\u00e4ssen Perfektion erlebt, und mit unserer jahrelangen Erfahrung und Expertise nehmen wir eine herausragende Position in der Branche ein.<\/p><\/div>\t\t<\/div>\n\t\t\t\t<\/div>\n\t\t\t\t<div class=\"elementor-element elementor-element-724bbaf elementor-widget kitify elementor-kitify-button\" data-id=\"724bbaf\" data-element_type=\"widget\" data-widget_type=\"kitify-button.default\">\n\t\t\t\t<div class=\"elementor-widget-container\">\n\t\t\t        <div class=\"elementor-button-wrapper\">\r\n            <a href=\"https:\/\/api.whatsapp.com\/send?phone=905325651648\" class=\"elementor-button-link elementor-button elementor-btn-align-icon- elementor-size-sm\" role=\"button\">\r\n                        <span class=\"elementor-button-content-wrapper\">\r\n\t\t\t\t\t\t<span class=\"elementor-button-text\">Kontaktiere uns!<\/span>\r\n\t\t<\/span>\r\n                    <\/a>\r\n        <\/div>\r\n        \t\t<\/div>\n\t\t\t\t<\/div>\n\t\t\t\t<\/div>\n\t\t<div class=\"elementor-element elementor-element-fa432f2 e-con-full e-flex kitify-col-width-auto-no ignore-docs-style-no kitify-disable-relative-no elementor-invisible kitify-has-entrance-animation e-con e-child\" data-id=\"fa432f2\" data-element_type=\"container\" data-settings=\"{&quot;animation&quot;:&quot;kitifyShortFadeInUp&quot;,&quot;animation_delay&quot;:500}\">\n\t\t\t\t<div class=\"elementor-element elementor-element-e33d875 elementor-widget elementor-widget-image\" data-id=\"e33d875\" data-element_type=\"widget\" data-widget_type=\"image.default\">\n\t\t\t\t<div class=\"elementor-widget-container\">\n\t\t\t<style>\/*! elementor - v3.21.0 - 26-05-2024 *\/\n.elementor-widget-image{text-align:center}.elementor-widget-image a{display:inline-block}.elementor-widget-image a img[src$=\".svg\"]{width:48px}.elementor-widget-image img{vertical-align:middle;display:inline-block}<\/style>\t\t\t\t\t\t\t\t\t\t<img fetchpriority=\"high\" decoding=\"async\" width=\"614\" height=\"1024\" src=\"https:\/\/threendresses.com\/wp-content\/uploads\/2024\/05\/IMG_6414-614x1024.jpg\" class=\"attachment-large size-large wp-image-4442\" alt=\"\" srcset=\"https:\/\/threendresses.com\/wp-content\/uploads\/2024\/05\/IMG_6414-614x1024.jpg 614w, https:\/\/threendresses.com\/wp-content\/uploads\/2024\/05\/IMG_6414-180x300.jpg 180w, https:\/\/threendresses.com\/wp-content\/uploads\/2024\/05\/IMG_6414-7x12.jpg 7w, https:\/\/threendresses.com\/wp-content\/uploads\/2024\/05\/IMG_6414.jpg 767w\" sizes=\"(max-width: 614px) 100vw, 614px\" \/>\t\t\t\t\t\t\t\t\t\t\t\t\t<\/div>\n\t\t\t\t<\/div>\n\t\t\t\t<\/div>\n\t\t\t\t\t<\/div>\n\t\t\t\t<\/div>\n\t\t<div class=\"elementor-element elementor-element-9a977ae e-flex e-con-boxed kitify-col-width-auto-no ignore-docs-style-no kitify-disable-relative-no e-root-container elementor-top-section e-con e-parent\" data-id=\"9a977ae\" data-element_type=\"container\" data-settings=\"{&quot;background_background&quot;:&quot;classic&quot;}\">\n\t\t\t\t\t<div class=\"e-con-inner\">\n\t\t<div class=\"elementor-element elementor-element-b0e4368 e-con-full e-flex kitify-col-width-auto-no ignore-docs-style-no kitify-disable-relative-no elementor-invisible kitify-has-entrance-animation e-con e-child\" data-id=\"b0e4368\" data-element_type=\"container\" data-settings=\"{&quot;animation&quot;:&quot;kitifyShortFadeInUp&quot;}\">\n\t\t\t\t<div class=\"elementor-element elementor-element-94f317a elementor-widget elementor-widget-counter\" data-id=\"94f317a\" data-element_type=\"widget\" data-widget_type=\"counter.default\">\n\t\t\t\t<div class=\"elementor-widget-container\">\n\t\t\t<style>\/*! elementor - v3.21.0 - 26-05-2024 *\/\n.elementor-counter{display:flex;justify-content:center;align-items:stretch;flex-direction:column-reverse}.elementor-counter .elementor-counter-number{flex-grow:var(--counter-number-grow,0)}.elementor-counter .elementor-counter-number-wrapper{flex:1;display:flex;font-size:69px;font-weight:600;line-height:1;text-align:center}.elementor-counter .elementor-counter-number-prefix{text-align:end;flex-grow:var(--counter-prefix-grow,1);white-space:pre-wrap}.elementor-counter .elementor-counter-number-suffix{text-align:start;flex-grow:var(--counter-suffix-grow,1);white-space:pre-wrap}.elementor-counter .elementor-counter-title{flex:1;display:flex;justify-content:center;align-items:center;margin:0;padding:0;font-size:19px;font-weight:400;line-height:2.5}<\/style>\t\t<div class=\"elementor-counter\">\n\t\t\t<div class=\"elementor-counter-title\">Zufriedener Kunde<\/div>\t\t\t<div class=\"elementor-counter-number-wrapper\">\n\t\t\t\t<span class=\"elementor-counter-number-prefix\"><\/span>\n\t\t\t\t<span class=\"elementor-counter-number\" data-duration=\"2000\" data-to-value=\"100\" data-from-value=\"0\" data-delimiter=\",\">0<\/span>\n\t\t\t\t<span class=\"elementor-counter-number-suffix\">%<\/span>\n\t\t\t<\/div>\n\t\t<\/div>\n\t\t\t\t<\/div>\n\t\t\t\t<\/div>\n\t\t\t\t<\/div>\n\t\t<div class=\"elementor-element elementor-element-c1d5365 e-con-full e-flex kitify-col-width-auto-no ignore-docs-style-no kitify-disable-relative-no elementor-invisible kitify-has-entrance-animation e-con e-child\" data-id=\"c1d5365\" data-element_type=\"container\" data-settings=\"{&quot;animation&quot;:&quot;kitifyShortFadeInUp&quot;,&quot;animation_delay&quot;:400}\">\n\t\t\t\t<div class=\"elementor-element elementor-element-f24e8eb elementor-widget elementor-widget-counter\" data-id=\"f24e8eb\" data-element_type=\"widget\" data-widget_type=\"counter.default\">\n\t\t\t\t<div class=\"elementor-widget-container\">\n\t\t\t\t\t<div class=\"elementor-counter\">\n\t\t\t<div class=\"elementor-counter-title\">Land<\/div>\t\t\t<div class=\"elementor-counter-number-wrapper\">\n\t\t\t\t<span class=\"elementor-counter-number-prefix\"><\/span>\n\t\t\t\t<span class=\"elementor-counter-number\" data-duration=\"2000\" data-to-value=\"15\" data-from-value=\"0\" data-delimiter=\",\">0<\/span>\n\t\t\t\t<span class=\"elementor-counter-number-suffix\">+<\/span>\n\t\t\t<\/div>\n\t\t<\/div>\n\t\t\t\t<\/div>\n\t\t\t\t<\/div>\n\t\t\t\t<\/div>\n\t\t<div class=\"elementor-element elementor-element-cdeed2a e-con-full e-flex kitify-col-width-auto-no ignore-docs-style-no kitify-disable-relative-no elementor-invisible kitify-has-entrance-animation e-con e-child\" data-id=\"cdeed2a\" data-element_type=\"container\" data-settings=\"{&quot;animation&quot;:&quot;kitifyShortFadeInUp&quot;,&quot;animation_delay&quot;:500}\">\n\t\t\t\t<div class=\"elementor-element elementor-element-26752b0 elementor-widget elementor-widget-counter\" data-id=\"26752b0\" data-element_type=\"widget\" data-widget_type=\"counter.default\">\n\t\t\t\t<div class=\"elementor-widget-container\">\n\t\t\t\t\t<div class=\"elementor-counter\">\n\t\t\t<div class=\"elementor-counter-title\">Sonderkollektion<\/div>\t\t\t<div class=\"elementor-counter-number-wrapper\">\n\t\t\t\t<span class=\"elementor-counter-number-prefix\"><\/span>\n\t\t\t\t<span class=\"elementor-counter-number\" data-duration=\"2000\" data-to-value=\"50\" data-from-value=\"0\" data-delimiter=\",\">0<\/span>\n\t\t\t\t<span class=\"elementor-counter-number-suffix\">+<\/span>\n\t\t\t<\/div>\n\t\t<\/div>\n\t\t\t\t<\/div>\n\t\t\t\t<\/div>\n\t\t\t\t<\/div>\n\t\t<div class=\"elementor-element elementor-element-53ab357 e-con-full e-flex kitify-col-width-auto-no ignore-docs-style-no kitify-disable-relative-no elementor-invisible kitify-has-entrance-animation e-con e-child\" data-id=\"53ab357\" data-element_type=\"container\" data-settings=\"{&quot;animation&quot;:&quot;kitifyShortFadeInUp&quot;,&quot;animation_delay&quot;:600}\">\n\t\t\t\t<div class=\"elementor-element elementor-element-6fbff1e elementor-widget elementor-widget-counter\" data-id=\"6fbff1e\" data-element_type=\"widget\" data-widget_type=\"counter.default\">\n\t\t\t\t<div class=\"elementor-widget-container\">\n\t\t\t\t\t<div class=\"elementor-counter\">\n\t\t\t<div class=\"elementor-counter-title\">Nationaler und internationaler Support<\/div>\t\t\t<div class=\"elementor-counter-number-wrapper\">\n\t\t\t\t<span class=\"elementor-counter-number-prefix\"><\/span>\n\t\t\t\t<span class=\"elementor-counter-number\" data-duration=\"2000\" data-to-value=\"100\" data-from-value=\"0\" data-delimiter=\",\">0<\/span>\n\t\t\t\t<span class=\"elementor-counter-number-suffix\">%<\/span>\n\t\t\t<\/div>\n\t\t<\/div>\n\t\t\t\t<\/div>\n\t\t\t\t<\/div>\n\t\t\t\t<\/div>\n\t\t\t\t\t<\/div>\n\t\t\t\t<\/div>\n\t\t\t\t<\/div>","protected":false},"excerpt":{"rendered":"<p>\u00dcber uns Seit 2007 widmet sich Three N der Herstellung exquisiter Abendkleider und bietet Haute Couture-Gro\u00dfhandelsdienstleistungen an und h\u00e4lt sich dabei an die h\u00f6chsten Qualit\u00e4tsstandards der Branche. Jedes Kleid, das wir herstellen, ist einem Kunstwerk gleich, und daher achten wir w\u00e4hrend unseres gesamten Herstellungsprozesses akribisch auf Details. Jedes St\u00fcck unserer Kollektionen wird sorgf\u00e4ltig hergestellt\u2026<\/p>","protected":false},"author":1,"featured_media":0,"parent":0,"menu_order":0,"comment_status":"closed","ping_status":"closed","template":"elementor_header_footer","meta":{"_joinchat":[],"footnotes":""},"yoast_head":"<!-- This site is optimized with the Yoast SEO plugin v22.9 - https:\/\/yoast.com\/wordpress\/plugins\/seo\/ -->\n<title>About Us - Threen | Evening Dress<\/title>\n<meta name=\"robots\" content=\"index, follow, max-snippet:-1, max-image-preview:large, max-video-preview:-1\" \/>\n<link rel=\"canonical\" href=\"https:\/\/threendresses.com\/de\/uber-uns\/\" \/>\n<meta property=\"og:locale\" content=\"de_DE\" \/>\n<meta property=\"og:type\" content=\"article\" \/>\n<meta property=\"og:title\" content=\"About Us - Threen | Evening Dress\" \/>\n<meta property=\"og:description\" content=\"About Us Since 2007, Three N has been dedicated to crafting exquisite evening dresses and providing Haute Couture wholesale services, adhering to the highest standards of quality in the industry. Each dress we produce is akin to a work of art, and therefore, we pay meticulous attention to detail throughout our manufacturing process. Every piece in our collections is meticulously\u2026\" \/>\n<meta property=\"og:url\" content=\"https:\/\/threendresses.com\/de\/uber-uns\/\" \/>\n<meta property=\"og:site_name\" content=\"Threen | Evening Dress\" \/>\n<meta property=\"article:publisher\" content=\"https:\/\/www.facebook.com\/people\/Threen-Fashion-Dresses\/100064249953514\/\" \/>\n<meta property=\"article:modified_time\" content=\"2024-06-21T15:49:54+00:00\" \/>\n<meta property=\"og:image\" content=\"https:\/\/threendresses.com\/wp-content\/uploads\/2024\/05\/IMG_6414-614x1024.jpg\" \/>\n<meta name=\"twitter:card\" content=\"summary_large_image\" \/>\n<meta name=\"twitter:label1\" content=\"Gesch\u00e4tzte Lesezeit\" \/>\n\t<meta name=\"twitter:data1\" content=\"2\u00a0Minuten\" \/>\n<script type=\"application\/ld+json\" class=\"yoast-schema-graph\">{\"@context\":\"https:\/\/schema.org\",\"@graph\":[{\"@type\":\"WebPage\",\"@id\":\"https:\/\/threendresses.com\/about-us\/\",\"url\":\"https:\/\/threendresses.com\/about-us\/\",\"name\":\"About Us - Threen | Evening Dress\",\"isPartOf\":{\"@id\":\"https:\/\/threendresses.com\/en\/#website\"},\"primaryImageOfPage\":{\"@id\":\"https:\/\/threendresses.com\/about-us\/#primaryimage\"},\"image\":{\"@id\":\"https:\/\/threendresses.com\/about-us\/#primaryimage\"},\"thumbnailUrl\":\"https:\/\/threendresses.com\/wp-content\/uploads\/2024\/05\/IMG_6414-614x1024.jpg\",\"datePublished\":\"2022-09-15T11:09:20+00:00\",\"dateModified\":\"2024-06-21T15:49:54+00:00\",\"breadcrumb\":{\"@id\":\"https:\/\/threendresses.com\/about-us\/#breadcrumb\"},\"inLanguage\":\"de\",\"potentialAction\":[{\"@type\":\"ReadAction\",\"target\":[\"https:\/\/threendresses.com\/about-us\/\"]}]},{\"@type\":\"ImageObject\",\"inLanguage\":\"de\",\"@id\":\"https:\/\/threendresses.com\/about-us\/#primaryimage\",\"url\":\"https:\/\/threendresses.com\/wp-content\/uploads\/2024\/05\/IMG_6414-614x1024.jpg\",\"contentUrl\":\"https:\/\/threendresses.com\/wp-content\/uploads\/2024\/05\/IMG_6414-614x1024.jpg\"},{\"@type\":\"BreadcrumbList\",\"@id\":\"https:\/\/threendresses.com\/about-us\/#breadcrumb\",\"itemListElement\":[{\"@type\":\"ListItem\",\"position\":1,\"name\":\"Home\",\"item\":\"https:\/\/threendresses.com\/en\/\"},{\"@type\":\"ListItem\",\"position\":2,\"name\":\"About Us\"}]},{\"@type\":\"WebSite\",\"@id\":\"https:\/\/threendresses.com\/en\/#website\",\"url\":\"https:\/\/threendresses.com\/en\/\",\"name\":\"Threen | Evening Dress\",\"description\":\"Evening Dress Manufacturer and Whole Saler\",\"publisher\":{\"@id\":\"https:\/\/threendresses.com\/en\/#organization\"},\"potentialAction\":[{\"@type\":\"SearchAction\",\"target\":{\"@type\":\"EntryPoint\",\"urlTemplate\":\"https:\/\/threendresses.com\/en\/?s={search_term_string}\"},\"query-input\":\"required name=search_term_string\"}],\"inLanguage\":\"de\"},{\"@type\":\"Organization\",\"@id\":\"https:\/\/threendresses.com\/en\/#organization\",\"name\":\"Threen | Evening Dress\",\"url\":\"https:\/\/threendresses.com\/en\/\",\"logo\":{\"@type\":\"ImageObject\",\"inLanguage\":\"de\",\"@id\":\"https:\/\/threendresses.com\/en\/#\/schema\/logo\/image\/\",\"url\":\"https:\/\/threendresses.com\/wp-content\/uploads\/2024\/05\/threen-logo-light.png\",\"contentUrl\":\"https:\/\/threendresses.com\/wp-content\/uploads\/2024\/05\/threen-logo-light.png\",\"width\":1271,\"height\":446,\"caption\":\"Threen | Evening Dress\"},\"image\":{\"@id\":\"https:\/\/threendresses.com\/en\/#\/schema\/logo\/image\/\"},\"sameAs\":[\"https:\/\/www.facebook.com\/people\/Threen-Fashion-Dresses\/100064249953514\/\",\"https:\/\/www.instagram.com\/threenfashionofficial\/\"]}]}<\/script>\n<!-- \/ Yoast SEO plugin. -->","yoast_head_json":{"title":"About Us - Threen | Evening Dress","robots":{"index":"index","follow":"follow","max-snippet":"max-snippet:-1","max-image-preview":"max-image-preview:large","max-video-preview":"max-video-preview:-1"},"canonical":"https:\/\/threendresses.com\/de\/uber-uns\/","og_locale":"de_DE","og_type":"article","og_title":"About Us - Threen | Evening Dress","og_description":"About Us Since 2007, Three N has been dedicated to crafting exquisite evening dresses and providing Haute Couture wholesale services, adhering to the highest standards of quality in the industry. Each dress we produce is akin to a work of art, and therefore, we pay meticulous attention to detail throughout our manufacturing process. Every piece in our collections is meticulously\u2026","og_url":"https:\/\/threendresses.com\/de\/uber-uns\/","og_site_name":"Threen | Evening Dress","article_publisher":"https:\/\/www.facebook.com\/people\/Threen-Fashion-Dresses\/100064249953514\/","article_modified_time":"2024-06-21T15:49:54+00:00","og_image":[{"url":"https:\/\/threendresses.com\/wp-content\/uploads\/2024\/05\/IMG_6414-614x1024.jpg"}],"twitter_card":"summary_large_image","twitter_misc":{"Gesch\u00e4tzte Lesezeit":"2\u00a0Minuten"},"schema":{"@context":"https:\/\/schema.org","@graph":[{"@type":"WebPage","@id":"https:\/\/threendresses.com\/about-us\/","url":"https:\/\/threendresses.com\/about-us\/","name":"About Us - Threen | Evening Dress","isPartOf":{"@id":"https:\/\/threendresses.com\/en\/#website"},"primaryImageOfPage":{"@id":"https:\/\/threendresses.com\/about-us\/#primaryimage"},"image":{"@id":"https:\/\/threendresses.com\/about-us\/#primaryimage"},"thumbnailUrl":"https:\/\/threendresses.com\/wp-content\/uploads\/2024\/05\/IMG_6414-614x1024.jpg","datePublished":"2022-09-15T11:09:20+00:00","dateModified":"2024-06-21T15:49:54+00:00","breadcrumb":{"@id":"https:\/\/threendresses.com\/about-us\/#breadcrumb"},"inLanguage":"de","potentialAction":[{"@type":"ReadAction","target":["https:\/\/threendresses.com\/about-us\/"]}]},{"@type":"ImageObject","inLanguage":"de","@id":"https:\/\/threendresses.com\/about-us\/#primaryimage","url":"https:\/\/threendresses.com\/wp-content\/uploads\/2024\/05\/IMG_6414-614x1024.jpg","contentUrl":"https:\/\/threendresses.com\/wp-content\/uploads\/2024\/05\/IMG_6414-614x1024.jpg"},{"@type":"BreadcrumbList","@id":"https:\/\/threendresses.com\/about-us\/#breadcrumb","itemListElement":[{"@type":"ListItem","position":1,"name":"Home","item":"https:\/\/threendresses.com\/en\/"},{"@type":"ListItem","position":2,"name":"About Us"}]},{"@type":"WebSite","@id":"https:\/\/threendresses.com\/en\/#website","url":"https:\/\/threendresses.com\/en\/","name":"Threen | Evening Dress","description":"Evening Dress Manufacturer and Whole Saler","publisher":{"@id":"https:\/\/threendresses.com\/en\/#organization"},"potentialAction":[{"@type":"SearchAction","target":{"@type":"EntryPoint","urlTemplate":"https:\/\/threendresses.com\/en\/?s={search_term_string}"},"query-input":"required name=search_term_string"}],"inLanguage":"de"},{"@type":"Organization","@id":"https:\/\/threendresses.com\/en\/#organization","name":"Threen | Evening Dress","url":"https:\/\/threendresses.com\/en\/","logo":{"@type":"ImageObject","inLanguage":"de","@id":"https:\/\/threendresses.com\/en\/#\/schema\/logo\/image\/","url":"https:\/\/threendresses.com\/wp-content\/uploads\/2024\/05\/threen-logo-light.png","contentUrl":"https:\/\/threendresses.com\/wp-content\/uploads\/2024\/05\/threen-logo-light.png","width":1271,"height":446,"caption":"Threen | Evening Dress"},"image":{"@id":"https:\/\/threendresses.com\/en\/#\/schema\/logo\/image\/"},"sameAs":["https:\/\/www.facebook.com\/people\/Threen-Fashion-Dresses\/100064249953514\/","https:\/\/www.instagram.com\/threenfashionofficial\/"]}]}},"_links":{"self":[{"href":"https:\/\/threendresses.com\/de\/wp-json\/wp\/v2\/pages\/58"}],"collection":[{"href":"https:\/\/threendresses.com\/de\/wp-json\/wp\/v2\/pages"}],"about":[{"href":"https:\/\/threendresses.com\/de\/wp-json\/wp\/v2\/types\/page"}],"author":[{"embeddable":true,"href":"https:\/\/threendresses.com\/de\/wp-json\/wp\/v2\/users\/1"}],"replies":[{"embeddable":true,"href":"https:\/\/threendresses.com\/de\/wp-json\/wp\/v2\/comments?post=58"}],"version-history":[{"count":10,"href":"https:\/\/threendresses.com\/de\/wp-json\/wp\/v2\/pages\/58\/revisions"}],"predecessor-version":[{"id":4445,"href":"https:\/\/threendresses.com\/de\/wp-json\/wp\/v2\/pages\/58\/revisions\/4445"}],"wp:attachment":[{"href":"https:\/\/threendresses.com\/de\/wp-json\/wp\/v2\/media?parent=58"}],"curies":[{"name":"wp","href":"https:\/\/api.w.org\/{rel}","templated":true}]}}