{"id":63,"date":"2022-09-15T11:09:20","date_gmt":"2022-09-15T11:09:20","guid":{"rendered":"https:\/\/robeto.novaworks.net\/?page_id=63"},"modified":"2024-05-30T14:04:35","modified_gmt":"2024-05-30T14:04:35","slug":"contact-us","status":"publish","type":"page","link":"https:\/\/threendresses.com\/es\/contactenos\/","title":{"rendered":"Cont\u00e1ctenos"},"content":{"rendered":"<div data-elementor-type=\"wp-page\" data-elementor-id=\"63\" class=\"elementor elementor-63\" data-elementor-post-type=\"page\">\n\t\t\t\t<div class=\"elementor-element elementor-element-0cd40d9 e-flex e-con-boxed kitify-col-width-auto-no ignore-docs-style-no kitify-disable-relative-no e-root-container elementor-top-section e-con e-parent\" data-id=\"0cd40d9\" data-element_type=\"container\">\n\t\t\t\t\t<div class=\"e-con-inner\">\n\t\t\t\t<div class=\"elementor-element elementor-element-3954c77 kitify-breadcrumbs-page-title-yes kitify-breadcrumbs-align-center elementor-widget kitify elementor-kitify-breadcrumbs\" data-id=\"3954c77\" data-element_type=\"widget\" data-widget_type=\"kitify-breadcrumbs.default\">\n\t\t\t\t<div class=\"elementor-widget-container\">\n\t\t\t\n\t\t<div class=\"kitify-breadcrumbs\">\n\t\t<div class=\"kitify-breadcrumbs__content\">\n\t\t<div class=\"kitify-breadcrumbs__wrap\"><div class=\"kitify-breadcrumbs__item\"><a href=\"https:\/\/threendresses.com\/es\/\" class=\"kitify-breadcrumbs__item-link is-home\" rel=\"home\" title=\"Hogar\">Hogar<\/a><\/div>\n\t\t<\/div>\n\t\t<\/div>\n\t\t<\/div>\t\t<\/div>\n\t\t\t\t<\/div>\n\t\t\t\t\t<\/div>\n\t\t\t\t<\/div>\n\t\t<div class=\"elementor-element elementor-element-0633892 e-flex e-con-boxed kitify-col-width-auto-no ignore-docs-style-no kitify-disable-relative-no e-root-container elementor-top-section e-con e-parent\" data-id=\"0633892\" data-element_type=\"container\">\n\t\t\t\t\t<div class=\"e-con-inner\">\n\t\t<div class=\"elementor-element elementor-element-bcbf15a e-con-full e-flex kitify-col-width-auto-no ignore-docs-style-no kitify-disable-relative-no e-con e-child\" data-id=\"bcbf15a\" data-element_type=\"container\">\n\t\t\t\t<div class=\"elementor-element elementor-element-fee75c0 elementor-widget elementor-widget-heading\" data-id=\"fee75c0\" data-element_type=\"widget\" data-widget_type=\"heading.default\">\n\t\t\t\t<div class=\"elementor-widget-container\">\n\t\t\t<style>\/*! elementor - v3.21.0 - 26-05-2024 *\/\n.elementor-heading-title{padding:0;margin:0;line-height:1}.elementor-widget-heading .elementor-heading-title[class*=elementor-size-]>a{color:inherit;font-size:inherit;line-height:inherit}.elementor-widget-heading .elementor-heading-title.elementor-size-small{font-size:15px}.elementor-widget-heading .elementor-heading-title.elementor-size-medium{font-size:19px}.elementor-widget-heading .elementor-heading-title.elementor-size-large{font-size:29px}.elementor-widget-heading .elementor-heading-title.elementor-size-xl{font-size:39px}.elementor-widget-heading .elementor-heading-title.elementor-size-xxl{font-size:59px}<\/style><h2 class=\"elementor-heading-title elementor-size-default\">Datos de contacto<\/h2>\t\t<\/div>\n\t\t\t\t<\/div>\n\t\t\t\t<div class=\"elementor-element elementor-element-e765bd6 elementor-widget elementor-widget-heading\" data-id=\"e765bd6\" data-element_type=\"widget\" data-widget_type=\"heading.default\">\n\t\t\t\t<div class=\"elementor-widget-container\">\n\t\t\t<div class=\"elementor-heading-title elementor-size-default\">Env\u00edo al mundo entero<\/div>\t\t<\/div>\n\t\t\t\t<\/div>\n\t\t\t\t<div class=\"elementor-element elementor-element-2352250 elementor-icon-list--layout-traditional elementor-list-item-link-full_width elementor-widget elementor-widget-icon-list\" data-id=\"2352250\" data-element_type=\"widget\" data-widget_type=\"icon-list.default\">\n\t\t\t\t<div class=\"elementor-widget-container\">\n\t\t\t<link rel=\"stylesheet\" href=\"https:\/\/threendresses.com\/wp-content\/uploads\/elementor\/css\/custom-widget-icon-list.min.css?ver=1716960408\">\t\t<ul class=\"elementor-icon-list-items\">\n\t\t\t\t\t\t\t<li class=\"elementor-icon-list-item\">\n\t\t\t\t\t\t\t\t\t\t\t<a href=\"https:\/\/api.whatsapp.com\/send?phone=905325651648\">\n\n\t\t\t\t\t\t\t\t\t\t\t\t<span class=\"elementor-icon-list-icon\">\n\t\t\t\t\t\t\t<i aria-hidden=\"true\" class=\"dlicon ui-3_phone-call\"><\/i>\t\t\t\t\t\t<\/span>\n\t\t\t\t\t\t\t\t\t\t<span class=\"elementor-icon-list-text\">+90 532 565 16 48<\/span>\n\t\t\t\t\t\t\t\t\t\t\t<\/a>\n\t\t\t\t\t\t\t\t\t<\/li>\n\t\t\t\t\t\t<\/ul>\n\t\t\t\t<\/div>\n\t\t\t\t<\/div>\n\t\t\t\t<div class=\"elementor-element elementor-element-8d42d3c elementor-icon-list--layout-traditional elementor-list-item-link-full_width elementor-widget elementor-widget-icon-list\" data-id=\"8d42d3c\" data-element_type=\"widget\" data-widget_type=\"icon-list.default\">\n\t\t\t\t<div class=\"elementor-widget-container\">\n\t\t\t\t\t<ul class=\"elementor-icon-list-items\">\n\t\t\t\t\t\t\t<li class=\"elementor-icon-list-item\">\n\t\t\t\t\t\t\t\t\t\t\t<span class=\"elementor-icon-list-icon\">\n\t\t\t\t\t\t\t<i aria-hidden=\"true\" class=\"dlicon ui-1_email-85\"><\/i>\t\t\t\t\t\t<\/span>\n\t\t\t\t\t\t\t\t\t\t<span class=\"elementor-icon-list-text\">info@tresvestidos.com<\/span>\n\t\t\t\t\t\t\t\t\t<\/li>\n\t\t\t\t\t\t<\/ul>\n\t\t\t\t<\/div>\n\t\t\t\t<\/div>\n\t\t\t\t<div class=\"elementor-element elementor-element-fa941cc elementor-widget elementor-widget-heading\" data-id=\"fa941cc\" data-element_type=\"widget\" data-widget_type=\"heading.default\">\n\t\t\t\t<div class=\"elementor-widget-container\">\n\t\t\t<h4 class=\"elementor-heading-title elementor-size-default\">Encu\u00e9ntranos<\/h4>\t\t<\/div>\n\t\t\t\t<\/div>\n\t\t\t\t<div class=\"elementor-element elementor-element-4c17da6 elementor-icon-list--layout-traditional elementor-list-item-link-full_width elementor-widget elementor-widget-icon-list\" data-id=\"4c17da6\" data-element_type=\"widget\" data-widget_type=\"icon-list.default\">\n\t\t\t\t<div class=\"elementor-widget-container\">\n\t\t\t\t\t<ul class=\"elementor-icon-list-items\">\n\t\t\t\t\t\t\t<li class=\"elementor-icon-list-item\">\n\t\t\t\t\t\t\t\t\t\t\t<span class=\"elementor-icon-list-icon\">\n\t\t\t\t\t\t\t<i aria-hidden=\"true\" class=\"dlicon location_pins\"><\/i>\t\t\t\t\t\t<\/span>\n\t\t\t\t\t\t\t\t\t\t<span class=\"elementor-icon-list-text\">Me\u015frutiyet, Hac\u0131 Mansur Sk. No:54, 34363 \u015ei\u015fli\/Estambul<\/span>\n\t\t\t\t\t\t\t\t\t<\/li>\n\t\t\t\t\t\t<\/ul>\n\t\t\t\t<\/div>\n\t\t\t\t<\/div>\n\t\t\t\t<\/div>\n\t\t<div class=\"elementor-element elementor-element-74df699 e-con-full e-flex kitify-col-width-auto-no ignore-docs-style-no kitify-disable-relative-no e-con e-child\" data-id=\"74df699\" data-element_type=\"container\">\n\t\t\t\t<div class=\"elementor-element elementor-element-2f3e263 elementor-widget elementor-widget-google_maps\" data-id=\"2f3e263\" data-element_type=\"widget\" data-widget_type=\"google_maps.default\">\n\t\t\t\t<div class=\"elementor-widget-container\">\n\t\t\t<style>\/*! elementor - v3.21.0 - 26-05-2024 *\/\n.elementor-widget-google_maps .elementor-widget-container{overflow:hidden}.elementor-widget-google_maps .elementor-custom-embed{line-height:0}.elementor-widget-google_maps iframe{height:300px}<\/style>\t\t<div class=\"elementor-custom-embed\">\n\t\t\t<iframe loading=\"lazy\"\n\t\t\t\t\tsrc=\"https:\/\/maps.google.com\/maps?q=Me%C5%9Frutiyet.%20Mh.%20Hac%C4%B1%20Mansur%20Sk.%20No%3A54%20%C5%9Ei%C5%9Fli%2C%20Istanbul%2C%20Turkey&#038;t=m&#038;z=14&#038;output=embed&#038;iwloc=near\"\n\t\t\t\t\ttitle=\"Me\u015frutiyet. Mh. Haci Mansur Sk. No:54 \u015ei\u015fli, Estambul, Turqu\u00eda\"\n\t\t\t\t\taria-label=\"Me\u015frutiyet. Mh. Haci Mansur Sk. No:54 \u015ei\u015fli, Estambul, Turqu\u00eda\"\n\t\t\t><\/iframe>\n\t\t<\/div>\n\t\t\t\t<\/div>\n\t\t\t\t<\/div>\n\t\t\t\t<\/div>\n\t\t\t\t\t<\/div>\n\t\t\t\t<\/div>\n\t\t\t\t<\/div>","protected":false},"excerpt":{"rendered":"<p>Inicio Informaci\u00f3n de contacto Env\u00edos a todo el mundo +90 532 565 16 48 info@tresendresses.com Encu\u00e9ntrenos Me\u015frutiyet, Hac\u0131 Mansur Sk. No:54, 34363 \u015ei\u015fli\/Estambul<\/p>","protected":false},"author":1,"featured_media":0,"parent":0,"menu_order":0,"comment_status":"closed","ping_status":"closed","template":"elementor_header_footer","meta":{"_joinchat":[],"footnotes":""},"yoast_head":"<!-- This site is optimized with the Yoast SEO plugin v22.9 - https:\/\/yoast.com\/wordpress\/plugins\/seo\/ -->\n<title>Contact Us - Threen | Evening Dress<\/title>\n<meta name=\"robots\" content=\"index, follow, max-snippet:-1, max-image-preview:large, max-video-preview:-1\" \/>\n<link rel=\"canonical\" href=\"https:\/\/threendresses.com\/es\/contactenos\/\" \/>\n<meta property=\"og:locale\" content=\"es_ES\" \/>\n<meta property=\"og:type\" content=\"article\" \/>\n<meta property=\"og:title\" content=\"Contact Us - Threen | Evening Dress\" \/>\n<meta property=\"og:description\" content=\"Home Contact info Worldwide Shipping +90 532 565 16 48 info@threendresses.com Find Us Me\u015frutiyet, Hac\u0131 Mansur Sk. No:54, 34363 \u015ei\u015fli\/\u0130stanbul\" \/>\n<meta property=\"og:url\" content=\"https:\/\/threendresses.com\/es\/contactenos\/\" \/>\n<meta property=\"og:site_name\" content=\"Threen | Evening Dress\" \/>\n<meta property=\"article:publisher\" content=\"https:\/\/www.facebook.com\/people\/Threen-Fashion-Dresses\/100064249953514\/\" \/>\n<meta property=\"article:modified_time\" content=\"2024-05-30T14:04:35+00:00\" \/>\n<meta property=\"og:image\" content=\"https:\/\/threendresses.com\/wp-content\/uploads\/2024\/05\/threen-logo-light.png\" \/>\n\t<meta property=\"og:image:width\" content=\"1271\" \/>\n\t<meta property=\"og:image:height\" content=\"446\" \/>\n\t<meta property=\"og:image:type\" content=\"image\/png\" \/>\n<meta name=\"twitter:card\" content=\"summary_large_image\" \/>\n<script type=\"application\/ld+json\" class=\"yoast-schema-graph\">{\"@context\":\"https:\/\/schema.org\",\"@graph\":[{\"@type\":\"WebPage\",\"@id\":\"https:\/\/threendresses.com\/contact-us\/\",\"url\":\"https:\/\/threendresses.com\/contact-us\/\",\"name\":\"Contact Us - Threen | Evening Dress\",\"isPartOf\":{\"@id\":\"https:\/\/threendresses.com\/en\/#website\"},\"datePublished\":\"2022-09-15T11:09:20+00:00\",\"dateModified\":\"2024-05-30T14:04:35+00:00\",\"breadcrumb\":{\"@id\":\"https:\/\/threendresses.com\/contact-us\/#breadcrumb\"},\"inLanguage\":\"es\",\"potentialAction\":[{\"@type\":\"ReadAction\",\"target\":[\"https:\/\/threendresses.com\/contact-us\/\"]}]},{\"@type\":\"BreadcrumbList\",\"@id\":\"https:\/\/threendresses.com\/contact-us\/#breadcrumb\",\"itemListElement\":[{\"@type\":\"ListItem\",\"position\":1,\"name\":\"Home\",\"item\":\"https:\/\/threendresses.com\/en\/\"},{\"@type\":\"ListItem\",\"position\":2,\"name\":\"Contact Us\"}]},{\"@type\":\"WebSite\",\"@id\":\"https:\/\/threendresses.com\/en\/#website\",\"url\":\"https:\/\/threendresses.com\/en\/\",\"name\":\"Threen | Evening Dress\",\"description\":\"Evening Dress Manufacturer and Whole Saler\",\"publisher\":{\"@id\":\"https:\/\/threendresses.com\/en\/#organization\"},\"potentialAction\":[{\"@type\":\"SearchAction\",\"target\":{\"@type\":\"EntryPoint\",\"urlTemplate\":\"https:\/\/threendresses.com\/en\/?s={search_term_string}\"},\"query-input\":\"required name=search_term_string\"}],\"inLanguage\":\"es\"},{\"@type\":\"Organization\",\"@id\":\"https:\/\/threendresses.com\/en\/#organization\",\"name\":\"Threen | Evening Dress\",\"url\":\"https:\/\/threendresses.com\/en\/\",\"logo\":{\"@type\":\"ImageObject\",\"inLanguage\":\"es\",\"@id\":\"https:\/\/threendresses.com\/en\/#\/schema\/logo\/image\/\",\"url\":\"https:\/\/threendresses.com\/wp-content\/uploads\/2024\/05\/threen-logo-light.png\",\"contentUrl\":\"https:\/\/threendresses.com\/wp-content\/uploads\/2024\/05\/threen-logo-light.png\",\"width\":1271,\"height\":446,\"caption\":\"Threen | Evening Dress\"},\"image\":{\"@id\":\"https:\/\/threendresses.com\/en\/#\/schema\/logo\/image\/\"},\"sameAs\":[\"https:\/\/www.facebook.com\/people\/Threen-Fashion-Dresses\/100064249953514\/\",\"https:\/\/www.instagram.com\/threenfashionofficial\/\"]}]}<\/script>\n<!-- \/ Yoast SEO plugin. -->","yoast_head_json":{"title":"Contact Us - Threen | Evening Dress","robots":{"index":"index","follow":"follow","max-snippet":"max-snippet:-1","max-image-preview":"max-image-preview:large","max-video-preview":"max-video-preview:-1"},"canonical":"https:\/\/threendresses.com\/es\/contactenos\/","og_locale":"es_ES","og_type":"article","og_title":"Contact Us - Threen | Evening Dress","og_description":"Home Contact info Worldwide Shipping +90 532 565 16 48 info@threendresses.com Find Us Me\u015frutiyet, Hac\u0131 Mansur Sk. No:54, 34363 \u015ei\u015fli\/\u0130stanbul","og_url":"https:\/\/threendresses.com\/es\/contactenos\/","og_site_name":"Threen | Evening Dress","article_publisher":"https:\/\/www.facebook.com\/people\/Threen-Fashion-Dresses\/100064249953514\/","article_modified_time":"2024-05-30T14:04:35+00:00","og_image":[{"width":1271,"height":446,"url":"https:\/\/threendresses.com\/wp-content\/uploads\/2024\/05\/threen-logo-light.png","type":"image\/png"}],"twitter_card":"summary_large_image","schema":{"@context":"https:\/\/schema.org","@graph":[{"@type":"WebPage","@id":"https:\/\/threendresses.com\/contact-us\/","url":"https:\/\/threendresses.com\/contact-us\/","name":"Contact Us - Threen | Evening Dress","isPartOf":{"@id":"https:\/\/threendresses.com\/en\/#website"},"datePublished":"2022-09-15T11:09:20+00:00","dateModified":"2024-05-30T14:04:35+00:00","breadcrumb":{"@id":"https:\/\/threendresses.com\/contact-us\/#breadcrumb"},"inLanguage":"es","potentialAction":[{"@type":"ReadAction","target":["https:\/\/threendresses.com\/contact-us\/"]}]},{"@type":"BreadcrumbList","@id":"https:\/\/threendresses.com\/contact-us\/#breadcrumb","itemListElement":[{"@type":"ListItem","position":1,"name":"Home","item":"https:\/\/threendresses.com\/en\/"},{"@type":"ListItem","position":2,"name":"Contact Us"}]},{"@type":"WebSite","@id":"https:\/\/threendresses.com\/en\/#website","url":"https:\/\/threendresses.com\/en\/","name":"Threen | Evening Dress","description":"Evening Dress Manufacturer and Whole Saler","publisher":{"@id":"https:\/\/threendresses.com\/en\/#organization"},"potentialAction":[{"@type":"SearchAction","target":{"@type":"EntryPoint","urlTemplate":"https:\/\/threendresses.com\/en\/?s={search_term_string}"},"query-input":"required name=search_term_string"}],"inLanguage":"es"},{"@type":"Organization","@id":"https:\/\/threendresses.com\/en\/#organization","name":"Threen | Evening Dress","url":"https:\/\/threendresses.com\/en\/","logo":{"@type":"ImageObject","inLanguage":"es","@id":"https:\/\/threendresses.com\/en\/#\/schema\/logo\/image\/","url":"https:\/\/threendresses.com\/wp-content\/uploads\/2024\/05\/threen-logo-light.png","contentUrl":"https:\/\/threendresses.com\/wp-content\/uploads\/2024\/05\/threen-logo-light.png","width":1271,"height":446,"caption":"Threen | Evening Dress"},"image":{"@id":"https:\/\/threendresses.com\/en\/#\/schema\/logo\/image\/"},"sameAs":["https:\/\/www.facebook.com\/people\/Threen-Fashion-Dresses\/100064249953514\/","https:\/\/www.instagram.com\/threenfashionofficial\/"]}]}},"_links":{"self":[{"href":"https:\/\/threendresses.com\/es\/wp-json\/wp\/v2\/pages\/63"}],"collection":[{"href":"https:\/\/threendresses.com\/es\/wp-json\/wp\/v2\/pages"}],"about":[{"href":"https:\/\/threendresses.com\/es\/wp-json\/wp\/v2\/types\/page"}],"author":[{"embeddable":true,"href":"https:\/\/threendresses.com\/es\/wp-json\/wp\/v2\/users\/1"}],"replies":[{"embeddable":true,"href":"https:\/\/threendresses.com\/es\/wp-json\/wp\/v2\/comments?post=63"}],"version-history":[{"count":7,"href":"https:\/\/threendresses.com\/es\/wp-json\/wp\/v2\/pages\/63\/revisions"}],"predecessor-version":[{"id":4618,"href":"https:\/\/threendresses.com\/es\/wp-json\/wp\/v2\/pages\/63\/revisions\/4618"}],"wp:attachment":[{"href":"https:\/\/threendresses.com\/es\/wp-json\/wp\/v2\/media?parent=63"}],"curies":[{"name":"wp","href":"https:\/\/api.w.org\/{rel}","templated":true}]}}