{"id":58,"date":"2022-09-15T11:09:20","date_gmt":"2022-09-15T11:09:20","guid":{"rendered":"https:\/\/robeto.novaworks.net\/?page_id=58"},"modified":"2024-06-21T15:49:54","modified_gmt":"2024-06-21T15:49:54","slug":"about-us","status":"publish","type":"page","link":"https:\/\/threendresses.com\/pt\/sobre-nos\/","title":{"rendered":"Sobre n\u00f3s"},"content":{"rendered":"<div data-elementor-type=\"wp-page\" data-elementor-id=\"58\" class=\"elementor elementor-58\" data-elementor-post-type=\"page\">\n\t\t\t\t<div class=\"elementor-element elementor-element-70956dd e-flex e-con-boxed kitify-col-width-auto-no ignore-docs-style-no kitify-disable-relative-no e-root-container elementor-top-section e-con e-parent\" data-id=\"70956dd\" data-element_type=\"container\">\n\t\t\t\t\t<div class=\"e-con-inner\">\n\t\t<div class=\"elementor-element elementor-element-1d4f4f4 e-con-full e-flex kitify-col-width-auto-no ignore-docs-style-no kitify-disable-relative-no elementor-invisible kitify-has-entrance-animation e-con e-child\" data-id=\"1d4f4f4\" data-element_type=\"container\" data-settings=\"{&quot;animation&quot;:&quot;kitifyShortFadeInUp&quot;}\">\n\t\t\t\t<div class=\"elementor-element elementor-element-838098d elementor-widget elementor-widget-heading\" data-id=\"838098d\" data-element_type=\"widget\" data-widget_type=\"heading.default\">\n\t\t\t\t<div class=\"elementor-widget-container\">\n\t\t\t<style>\/*! elementor - v3.21.0 - 26-05-2024 *\/\n.elementor-heading-title{padding:0;margin:0;line-height:1}.elementor-widget-heading .elementor-heading-title[class*=elementor-size-]>a{color:inherit;font-size:inherit;line-height:inherit}.elementor-widget-heading .elementor-heading-title.elementor-size-small{font-size:15px}.elementor-widget-heading .elementor-heading-title.elementor-size-medium{font-size:19px}.elementor-widget-heading .elementor-heading-title.elementor-size-large{font-size:29px}.elementor-widget-heading .elementor-heading-title.elementor-size-xl{font-size:39px}.elementor-widget-heading .elementor-heading-title.elementor-size-xxl{font-size:59px}<\/style><h2 class=\"elementor-heading-title elementor-size-default\">Sobre n\u00f3s<\/h2>\t\t<\/div>\n\t\t\t\t<\/div>\n\t\t\t\t<div class=\"elementor-element elementor-element-dfe5408 elementor-widget elementor-widget-heading\" data-id=\"dfe5408\" data-element_type=\"widget\" data-widget_type=\"heading.default\">\n\t\t\t\t<div class=\"elementor-widget-container\">\n\t\t\t<div class=\"elementor-heading-title elementor-size-default\"><p>Desde 2007, a Three N se dedica \u00e0 confec\u00e7\u00e3o de vestidos de noite requintados e ao fornecimento de servi\u00e7os de alta costura no atacado, aderindo aos mais altos padr\u00f5es de qualidade do setor. Cada vestido que produzimos \u00e9 semelhante a uma obra de arte e, portanto, prestamos aten\u00e7\u00e3o meticulosa aos detalhes durante todo o nosso processo de fabrica\u00e7\u00e3o. Cada pe\u00e7a de nossas cole\u00e7\u00f5es \u00e9 meticulosamente projetada e confeccionada com tecidos de alta qualidade cuidadosamente selecionados e artesanato especializado. De cada ponto a cada detalhe de p\u00e9rola ou renda, cada elemento \u00e9 meticulosamente colocado para garantir a eleg\u00e2ncia e durabilidade dos nossos vestidos.<\/p><p>Nossas cole\u00e7\u00f5es exclusivas atendem a uma ampla variedade de estilos e gostos, apelando a diversas prefer\u00eancias. Cada vestido oferece os mais altos padr\u00f5es de qualidade e est\u00e9tica, desde o processo de design at\u00e9 a produ\u00e7\u00e3o. Al\u00e9m disso, oferecemos pedidos personalizados e op\u00e7\u00f5es de personaliza\u00e7\u00e3o para atender \u00e0s necessidades exclusivas de nossos clientes.<\/p><p>Na Three N, nosso objetivo n\u00e3o \u00e9 apenas atender clientes na Turquia, mas tamb\u00e9m alcan\u00e7ar clientes em todo o mundo. Portanto, expandimos para os mercados internacionais. Nossos produtos s\u00e3o fabricados para atender aos padr\u00f5es internacionais e s\u00e3o apresentados em lojas de moda e luxo em todo o mundo.<\/p><p>Com nossa abordagem centrada no cliente e compromisso com a qualidade, a Three N continua a ser um nome confi\u00e1vel na ind\u00fastria de vestidos de noite. N\u00f3s nos esfor\u00e7amos para garantir que cada um de nossos clientes experimente a perfei\u00e7\u00e3o em suas ocasi\u00f5es especiais e, com anos de experi\u00eancia e conhecimento, ocupamos uma posi\u00e7\u00e3o de destaque no setor.<\/p><\/div>\t\t<\/div>\n\t\t\t\t<\/div>\n\t\t\t\t<div class=\"elementor-element elementor-element-724bbaf elementor-widget kitify elementor-kitify-button\" data-id=\"724bbaf\" data-element_type=\"widget\" data-widget_type=\"kitify-button.default\">\n\t\t\t\t<div class=\"elementor-widget-container\">\n\t\t\t        <div class=\"elementor-button-wrapper\">\r\n            <a href=\"https:\/\/api.whatsapp.com\/send?phone=905325651648\" class=\"elementor-button-link elementor-button elementor-btn-align-icon- elementor-size-sm\" role=\"button\">\r\n                        <span class=\"elementor-button-content-wrapper\">\r\n\t\t\t\t\t\t<span class=\"elementor-button-text\">Contate-nos!<\/span>\r\n\t\t<\/span>\r\n                    <\/a>\r\n        <\/div>\r\n        \t\t<\/div>\n\t\t\t\t<\/div>\n\t\t\t\t<\/div>\n\t\t<div class=\"elementor-element elementor-element-fa432f2 e-con-full e-flex kitify-col-width-auto-no ignore-docs-style-no kitify-disable-relative-no elementor-invisible kitify-has-entrance-animation e-con e-child\" data-id=\"fa432f2\" data-element_type=\"container\" data-settings=\"{&quot;animation&quot;:&quot;kitifyShortFadeInUp&quot;,&quot;animation_delay&quot;:500}\">\n\t\t\t\t<div class=\"elementor-element elementor-element-e33d875 elementor-widget elementor-widget-image\" data-id=\"e33d875\" data-element_type=\"widget\" data-widget_type=\"image.default\">\n\t\t\t\t<div class=\"elementor-widget-container\">\n\t\t\t<style>\/*! elementor - v3.21.0 - 26-05-2024 *\/\n.elementor-widget-image{text-align:center}.elementor-widget-image a{display:inline-block}.elementor-widget-image a img[src$=\".svg\"]{width:48px}.elementor-widget-image img{vertical-align:middle;display:inline-block}<\/style>\t\t\t\t\t\t\t\t\t\t<img fetchpriority=\"high\" decoding=\"async\" width=\"614\" height=\"1024\" src=\"https:\/\/threendresses.com\/wp-content\/uploads\/2024\/05\/IMG_6414-614x1024.jpg\" class=\"attachment-large size-large wp-image-4442\" alt=\"\" srcset=\"https:\/\/threendresses.com\/wp-content\/uploads\/2024\/05\/IMG_6414-614x1024.jpg 614w, https:\/\/threendresses.com\/wp-content\/uploads\/2024\/05\/IMG_6414-180x300.jpg 180w, https:\/\/threendresses.com\/wp-content\/uploads\/2024\/05\/IMG_6414-7x12.jpg 7w, https:\/\/threendresses.com\/wp-content\/uploads\/2024\/05\/IMG_6414.jpg 767w\" sizes=\"(max-width: 614px) 100vw, 614px\" \/>\t\t\t\t\t\t\t\t\t\t\t\t\t<\/div>\n\t\t\t\t<\/div>\n\t\t\t\t<\/div>\n\t\t\t\t\t<\/div>\n\t\t\t\t<\/div>\n\t\t<div class=\"elementor-element elementor-element-9a977ae e-flex e-con-boxed kitify-col-width-auto-no ignore-docs-style-no kitify-disable-relative-no e-root-container elementor-top-section e-con e-parent\" data-id=\"9a977ae\" data-element_type=\"container\" data-settings=\"{&quot;background_background&quot;:&quot;classic&quot;}\">\n\t\t\t\t\t<div class=\"e-con-inner\">\n\t\t<div class=\"elementor-element elementor-element-b0e4368 e-con-full e-flex kitify-col-width-auto-no ignore-docs-style-no kitify-disable-relative-no elementor-invisible kitify-has-entrance-animation e-con e-child\" data-id=\"b0e4368\" data-element_type=\"container\" data-settings=\"{&quot;animation&quot;:&quot;kitifyShortFadeInUp&quot;}\">\n\t\t\t\t<div class=\"elementor-element elementor-element-94f317a elementor-widget elementor-widget-counter\" data-id=\"94f317a\" data-element_type=\"widget\" data-widget_type=\"counter.default\">\n\t\t\t\t<div class=\"elementor-widget-container\">\n\t\t\t<style>\/*! elementor - v3.21.0 - 26-05-2024 *\/\n.elementor-counter{display:flex;justify-content:center;align-items:stretch;flex-direction:column-reverse}.elementor-counter .elementor-counter-number{flex-grow:var(--counter-number-grow,0)}.elementor-counter .elementor-counter-number-wrapper{flex:1;display:flex;font-size:69px;font-weight:600;line-height:1;text-align:center}.elementor-counter .elementor-counter-number-prefix{text-align:end;flex-grow:var(--counter-prefix-grow,1);white-space:pre-wrap}.elementor-counter .elementor-counter-number-suffix{text-align:start;flex-grow:var(--counter-suffix-grow,1);white-space:pre-wrap}.elementor-counter .elementor-counter-title{flex:1;display:flex;justify-content:center;align-items:center;margin:0;padding:0;font-size:19px;font-weight:400;line-height:2.5}<\/style>\t\t<div class=\"elementor-counter\">\n\t\t\t<div class=\"elementor-counter-title\">Cliente feliz<\/div>\t\t\t<div class=\"elementor-counter-number-wrapper\">\n\t\t\t\t<span class=\"elementor-counter-number-prefix\"><\/span>\n\t\t\t\t<span class=\"elementor-counter-number\" data-duration=\"2000\" data-to-value=\"100\" data-from-value=\"0\" data-delimiter=\",\">0<\/span>\n\t\t\t\t<span class=\"elementor-counter-number-suffix\">%<\/span>\n\t\t\t<\/div>\n\t\t<\/div>\n\t\t\t\t<\/div>\n\t\t\t\t<\/div>\n\t\t\t\t<\/div>\n\t\t<div class=\"elementor-element elementor-element-c1d5365 e-con-full e-flex kitify-col-width-auto-no ignore-docs-style-no kitify-disable-relative-no elementor-invisible kitify-has-entrance-animation e-con e-child\" data-id=\"c1d5365\" data-element_type=\"container\" data-settings=\"{&quot;animation&quot;:&quot;kitifyShortFadeInUp&quot;,&quot;animation_delay&quot;:400}\">\n\t\t\t\t<div class=\"elementor-element elementor-element-f24e8eb elementor-widget elementor-widget-counter\" data-id=\"f24e8eb\" data-element_type=\"widget\" data-widget_type=\"counter.default\">\n\t\t\t\t<div class=\"elementor-widget-container\">\n\t\t\t\t\t<div class=\"elementor-counter\">\n\t\t\t<div class=\"elementor-counter-title\">Pa\u00eds<\/div>\t\t\t<div class=\"elementor-counter-number-wrapper\">\n\t\t\t\t<span class=\"elementor-counter-number-prefix\"><\/span>\n\t\t\t\t<span class=\"elementor-counter-number\" data-duration=\"2000\" data-to-value=\"15\" data-from-value=\"0\" data-delimiter=\",\">0<\/span>\n\t\t\t\t<span class=\"elementor-counter-number-suffix\">+<\/span>\n\t\t\t<\/div>\n\t\t<\/div>\n\t\t\t\t<\/div>\n\t\t\t\t<\/div>\n\t\t\t\t<\/div>\n\t\t<div class=\"elementor-element elementor-element-cdeed2a e-con-full e-flex kitify-col-width-auto-no ignore-docs-style-no kitify-disable-relative-no elementor-invisible kitify-has-entrance-animation e-con e-child\" data-id=\"cdeed2a\" data-element_type=\"container\" data-settings=\"{&quot;animation&quot;:&quot;kitifyShortFadeInUp&quot;,&quot;animation_delay&quot;:500}\">\n\t\t\t\t<div class=\"elementor-element elementor-element-26752b0 elementor-widget elementor-widget-counter\" data-id=\"26752b0\" data-element_type=\"widget\" data-widget_type=\"counter.default\">\n\t\t\t\t<div class=\"elementor-widget-container\">\n\t\t\t\t\t<div class=\"elementor-counter\">\n\t\t\t<div class=\"elementor-counter-title\">Cole\u00e7\u00e3o Especial<\/div>\t\t\t<div class=\"elementor-counter-number-wrapper\">\n\t\t\t\t<span class=\"elementor-counter-number-prefix\"><\/span>\n\t\t\t\t<span class=\"elementor-counter-number\" data-duration=\"2000\" data-to-value=\"50\" data-from-value=\"0\" data-delimiter=\",\">0<\/span>\n\t\t\t\t<span class=\"elementor-counter-number-suffix\">+<\/span>\n\t\t\t<\/div>\n\t\t<\/div>\n\t\t\t\t<\/div>\n\t\t\t\t<\/div>\n\t\t\t\t<\/div>\n\t\t<div class=\"elementor-element elementor-element-53ab357 e-con-full e-flex kitify-col-width-auto-no ignore-docs-style-no kitify-disable-relative-no elementor-invisible kitify-has-entrance-animation e-con e-child\" data-id=\"53ab357\" data-element_type=\"container\" data-settings=\"{&quot;animation&quot;:&quot;kitifyShortFadeInUp&quot;,&quot;animation_delay&quot;:600}\">\n\t\t\t\t<div class=\"elementor-element elementor-element-6fbff1e elementor-widget elementor-widget-counter\" data-id=\"6fbff1e\" data-element_type=\"widget\" data-widget_type=\"counter.default\">\n\t\t\t\t<div class=\"elementor-widget-container\">\n\t\t\t\t\t<div class=\"elementor-counter\">\n\t\t\t<div class=\"elementor-counter-title\">Apoio Nacional e Internacional<\/div>\t\t\t<div class=\"elementor-counter-number-wrapper\">\n\t\t\t\t<span class=\"elementor-counter-number-prefix\"><\/span>\n\t\t\t\t<span class=\"elementor-counter-number\" data-duration=\"2000\" data-to-value=\"100\" data-from-value=\"0\" data-delimiter=\",\">0<\/span>\n\t\t\t\t<span class=\"elementor-counter-number-suffix\">%<\/span>\n\t\t\t<\/div>\n\t\t<\/div>\n\t\t\t\t<\/div>\n\t\t\t\t<\/div>\n\t\t\t\t<\/div>\n\t\t\t\t\t<\/div>\n\t\t\t\t<\/div>\n\t\t\t\t<\/div>","protected":false},"excerpt":{"rendered":"<p>Sobre n\u00f3s Desde 2007, a Three N tem se dedicado \u00e0 confec\u00e7\u00e3o de vestidos de noite requintados e ao fornecimento de servi\u00e7os de atacado de alta costura, aderindo aos mais altos padr\u00f5es de qualidade do setor. Cada vestido que produzimos \u00e9 semelhante a uma obra de arte e, portanto, prestamos aten\u00e7\u00e3o meticulosa aos detalhes durante todo o nosso processo de fabrica\u00e7\u00e3o. Cada pe\u00e7a de nossas cole\u00e7\u00f5es \u00e9 meticulosamente\u2026<\/p>","protected":false},"author":1,"featured_media":0,"parent":0,"menu_order":0,"comment_status":"closed","ping_status":"closed","template":"elementor_header_footer","meta":{"_joinchat":[],"footnotes":""},"yoast_head":"<!-- This site is optimized with the Yoast SEO plugin v22.9 - https:\/\/yoast.com\/wordpress\/plugins\/seo\/ -->\n<title>About Us - Threen | Evening Dress<\/title>\n<meta name=\"robots\" content=\"index, follow, max-snippet:-1, max-image-preview:large, max-video-preview:-1\" \/>\n<link rel=\"canonical\" href=\"https:\/\/threendresses.com\/pt\/sobre-nos\/\" \/>\n<meta property=\"og:locale\" content=\"pt_PT\" \/>\n<meta property=\"og:type\" content=\"article\" \/>\n<meta property=\"og:title\" content=\"About Us - Threen | Evening Dress\" \/>\n<meta property=\"og:description\" content=\"About Us Since 2007, Three N has been dedicated to crafting exquisite evening dresses and providing Haute Couture wholesale services, adhering to the highest standards of quality in the industry. Each dress we produce is akin to a work of art, and therefore, we pay meticulous attention to detail throughout our manufacturing process. Every piece in our collections is meticulously\u2026\" \/>\n<meta property=\"og:url\" content=\"https:\/\/threendresses.com\/pt\/sobre-nos\/\" \/>\n<meta property=\"og:site_name\" content=\"Threen | Evening Dress\" \/>\n<meta property=\"article:publisher\" content=\"https:\/\/www.facebook.com\/people\/Threen-Fashion-Dresses\/100064249953514\/\" \/>\n<meta property=\"article:modified_time\" content=\"2024-06-21T15:49:54+00:00\" \/>\n<meta property=\"og:image\" content=\"https:\/\/threendresses.com\/wp-content\/uploads\/2024\/05\/IMG_6414-614x1024.jpg\" \/>\n<meta name=\"twitter:card\" content=\"summary_large_image\" \/>\n<meta name=\"twitter:label1\" content=\"Tempo estimado de leitura\" \/>\n\t<meta name=\"twitter:data1\" content=\"2 minutos\" \/>\n<script type=\"application\/ld+json\" class=\"yoast-schema-graph\">{\"@context\":\"https:\/\/schema.org\",\"@graph\":[{\"@type\":\"WebPage\",\"@id\":\"https:\/\/threendresses.com\/about-us\/\",\"url\":\"https:\/\/threendresses.com\/about-us\/\",\"name\":\"About Us - Threen | Evening Dress\",\"isPartOf\":{\"@id\":\"https:\/\/threendresses.com\/en\/#website\"},\"primaryImageOfPage\":{\"@id\":\"https:\/\/threendresses.com\/about-us\/#primaryimage\"},\"image\":{\"@id\":\"https:\/\/threendresses.com\/about-us\/#primaryimage\"},\"thumbnailUrl\":\"https:\/\/threendresses.com\/wp-content\/uploads\/2024\/05\/IMG_6414-614x1024.jpg\",\"datePublished\":\"2022-09-15T11:09:20+00:00\",\"dateModified\":\"2024-06-21T15:49:54+00:00\",\"breadcrumb\":{\"@id\":\"https:\/\/threendresses.com\/about-us\/#breadcrumb\"},\"inLanguage\":\"pt-PT\",\"potentialAction\":[{\"@type\":\"ReadAction\",\"target\":[\"https:\/\/threendresses.com\/about-us\/\"]}]},{\"@type\":\"ImageObject\",\"inLanguage\":\"pt-PT\",\"@id\":\"https:\/\/threendresses.com\/about-us\/#primaryimage\",\"url\":\"https:\/\/threendresses.com\/wp-content\/uploads\/2024\/05\/IMG_6414-614x1024.jpg\",\"contentUrl\":\"https:\/\/threendresses.com\/wp-content\/uploads\/2024\/05\/IMG_6414-614x1024.jpg\"},{\"@type\":\"BreadcrumbList\",\"@id\":\"https:\/\/threendresses.com\/about-us\/#breadcrumb\",\"itemListElement\":[{\"@type\":\"ListItem\",\"position\":1,\"name\":\"Home\",\"item\":\"https:\/\/threendresses.com\/en\/\"},{\"@type\":\"ListItem\",\"position\":2,\"name\":\"About Us\"}]},{\"@type\":\"WebSite\",\"@id\":\"https:\/\/threendresses.com\/en\/#website\",\"url\":\"https:\/\/threendresses.com\/en\/\",\"name\":\"Threen | Evening Dress\",\"description\":\"Evening Dress Manufacturer and Whole Saler\",\"publisher\":{\"@id\":\"https:\/\/threendresses.com\/en\/#organization\"},\"potentialAction\":[{\"@type\":\"SearchAction\",\"target\":{\"@type\":\"EntryPoint\",\"urlTemplate\":\"https:\/\/threendresses.com\/en\/?s={search_term_string}\"},\"query-input\":\"required name=search_term_string\"}],\"inLanguage\":\"pt-PT\"},{\"@type\":\"Organization\",\"@id\":\"https:\/\/threendresses.com\/en\/#organization\",\"name\":\"Threen | Evening Dress\",\"url\":\"https:\/\/threendresses.com\/en\/\",\"logo\":{\"@type\":\"ImageObject\",\"inLanguage\":\"pt-PT\",\"@id\":\"https:\/\/threendresses.com\/en\/#\/schema\/logo\/image\/\",\"url\":\"https:\/\/threendresses.com\/wp-content\/uploads\/2024\/05\/threen-logo-light.png\",\"contentUrl\":\"https:\/\/threendresses.com\/wp-content\/uploads\/2024\/05\/threen-logo-light.png\",\"width\":1271,\"height\":446,\"caption\":\"Threen | Evening Dress\"},\"image\":{\"@id\":\"https:\/\/threendresses.com\/en\/#\/schema\/logo\/image\/\"},\"sameAs\":[\"https:\/\/www.facebook.com\/people\/Threen-Fashion-Dresses\/100064249953514\/\",\"https:\/\/www.instagram.com\/threenfashionofficial\/\"]}]}<\/script>\n<!-- \/ Yoast SEO plugin. -->","yoast_head_json":{"title":"About Us - Threen | Evening Dress","robots":{"index":"index","follow":"follow","max-snippet":"max-snippet:-1","max-image-preview":"max-image-preview:large","max-video-preview":"max-video-preview:-1"},"canonical":"https:\/\/threendresses.com\/pt\/sobre-nos\/","og_locale":"pt_PT","og_type":"article","og_title":"About Us - Threen | Evening Dress","og_description":"About Us Since 2007, Three N has been dedicated to crafting exquisite evening dresses and providing Haute Couture wholesale services, adhering to the highest standards of quality in the industry. Each dress we produce is akin to a work of art, and therefore, we pay meticulous attention to detail throughout our manufacturing process. Every piece in our collections is meticulously\u2026","og_url":"https:\/\/threendresses.com\/pt\/sobre-nos\/","og_site_name":"Threen | Evening Dress","article_publisher":"https:\/\/www.facebook.com\/people\/Threen-Fashion-Dresses\/100064249953514\/","article_modified_time":"2024-06-21T15:49:54+00:00","og_image":[{"url":"https:\/\/threendresses.com\/wp-content\/uploads\/2024\/05\/IMG_6414-614x1024.jpg"}],"twitter_card":"summary_large_image","twitter_misc":{"Tempo estimado de leitura":"2 minutos"},"schema":{"@context":"https:\/\/schema.org","@graph":[{"@type":"WebPage","@id":"https:\/\/threendresses.com\/about-us\/","url":"https:\/\/threendresses.com\/about-us\/","name":"About Us - Threen | Evening Dress","isPartOf":{"@id":"https:\/\/threendresses.com\/en\/#website"},"primaryImageOfPage":{"@id":"https:\/\/threendresses.com\/about-us\/#primaryimage"},"image":{"@id":"https:\/\/threendresses.com\/about-us\/#primaryimage"},"thumbnailUrl":"https:\/\/threendresses.com\/wp-content\/uploads\/2024\/05\/IMG_6414-614x1024.jpg","datePublished":"2022-09-15T11:09:20+00:00","dateModified":"2024-06-21T15:49:54+00:00","breadcrumb":{"@id":"https:\/\/threendresses.com\/about-us\/#breadcrumb"},"inLanguage":"pt-PT","potentialAction":[{"@type":"ReadAction","target":["https:\/\/threendresses.com\/about-us\/"]}]},{"@type":"ImageObject","inLanguage":"pt-PT","@id":"https:\/\/threendresses.com\/about-us\/#primaryimage","url":"https:\/\/threendresses.com\/wp-content\/uploads\/2024\/05\/IMG_6414-614x1024.jpg","contentUrl":"https:\/\/threendresses.com\/wp-content\/uploads\/2024\/05\/IMG_6414-614x1024.jpg"},{"@type":"BreadcrumbList","@id":"https:\/\/threendresses.com\/about-us\/#breadcrumb","itemListElement":[{"@type":"ListItem","position":1,"name":"Home","item":"https:\/\/threendresses.com\/en\/"},{"@type":"ListItem","position":2,"name":"About Us"}]},{"@type":"WebSite","@id":"https:\/\/threendresses.com\/en\/#website","url":"https:\/\/threendresses.com\/en\/","name":"Threen | Evening Dress","description":"Evening Dress Manufacturer and Whole Saler","publisher":{"@id":"https:\/\/threendresses.com\/en\/#organization"},"potentialAction":[{"@type":"SearchAction","target":{"@type":"EntryPoint","urlTemplate":"https:\/\/threendresses.com\/en\/?s={search_term_string}"},"query-input":"required name=search_term_string"}],"inLanguage":"pt-PT"},{"@type":"Organization","@id":"https:\/\/threendresses.com\/en\/#organization","name":"Threen | Evening Dress","url":"https:\/\/threendresses.com\/en\/","logo":{"@type":"ImageObject","inLanguage":"pt-PT","@id":"https:\/\/threendresses.com\/en\/#\/schema\/logo\/image\/","url":"https:\/\/threendresses.com\/wp-content\/uploads\/2024\/05\/threen-logo-light.png","contentUrl":"https:\/\/threendresses.com\/wp-content\/uploads\/2024\/05\/threen-logo-light.png","width":1271,"height":446,"caption":"Threen | Evening Dress"},"image":{"@id":"https:\/\/threendresses.com\/en\/#\/schema\/logo\/image\/"},"sameAs":["https:\/\/www.facebook.com\/people\/Threen-Fashion-Dresses\/100064249953514\/","https:\/\/www.instagram.com\/threenfashionofficial\/"]}]}},"_links":{"self":[{"href":"https:\/\/threendresses.com\/pt\/wp-json\/wp\/v2\/pages\/58"}],"collection":[{"href":"https:\/\/threendresses.com\/pt\/wp-json\/wp\/v2\/pages"}],"about":[{"href":"https:\/\/threendresses.com\/pt\/wp-json\/wp\/v2\/types\/page"}],"author":[{"embeddable":true,"href":"https:\/\/threendresses.com\/pt\/wp-json\/wp\/v2\/users\/1"}],"replies":[{"embeddable":true,"href":"https:\/\/threendresses.com\/pt\/wp-json\/wp\/v2\/comments?post=58"}],"version-history":[{"count":10,"href":"https:\/\/threendresses.com\/pt\/wp-json\/wp\/v2\/pages\/58\/revisions"}],"predecessor-version":[{"id":4445,"href":"https:\/\/threendresses.com\/pt\/wp-json\/wp\/v2\/pages\/58\/revisions\/4445"}],"wp:attachment":[{"href":"https:\/\/threendresses.com\/pt\/wp-json\/wp\/v2\/media?parent=58"}],"curies":[{"name":"wp","href":"https:\/\/api.w.org\/{rel}","templated":true}]}}